{"id":686,"date":"2018-09-18T14:59:56","date_gmt":"2018-09-18T12:59:56","guid":{"rendered":"http:\/\/www.hannoverlights.de\/?page_id=686"},"modified":"2018-09-18T15:02:13","modified_gmt":"2018-09-18T13:02:13","slug":"nutzungsbedingungen","status":"publish","type":"page","link":"https:\/\/www.hannoverlights.de\/?page_id=686","title":{"rendered":"Nutzungsbedingungen"},"content":{"rendered":"<div class=\"wrapper\">\n<p>Kamera Zwei GmbH<br \/>\nWohlenbergstr. 4<br \/>\n30179 Hannover<br \/>\nTelefon: 0511\/ 899 558 \u2013 0<br \/>\nMail: redaktion@kamerazwei.de<br \/>\nInternet: www.kamerazwei.de<\/p>\n<p>Vertretungsberechtigte Gesellschafter:<br \/>\nMasiar Haschemizadeh<br \/>\nSteuernummer: 25\/235\/33809<br \/>\nGerichtsstand: Hannover<\/p>\n<h3>1. Inhalt des Onlineangebotes<\/h3>\n<p>Die Angaben auf dieser Website erfolgen ausschlie\u00dflich zu allgemeinen Informationszwecken und stellen weder eine Beratung noch ein konkretes Vertragsangebot von Kamera Zwei dar.<br \/>\nWir \u00fcbernehmen keine Gew\u00e4hr f\u00fcr die Aktualit\u00e4t, Korrektheit, Vollst\u00e4ndigkeit oder Qualit\u00e4t der bereitgestellten Informationen.<br \/>\nHaftungsanspr\u00fcche gegen Kamera Zwei, die sich auf Sch\u00e4den materieller oder ideeller Art beziehen, die durch die Nutzung oder Nichtnutzung der dargebotenen Informationen bzw. durch die Nutzung fehlerhafter und unvollst\u00e4ndiger Informationen verursacht wurden, sind ausgeschlossen, sofern unsererseits kein vors\u00e4tzliches Verschulden vorliegt. Wir behalten uns vor, Teile der Seiten oder das gesamte Angebot ohne gesonderte Ank\u00fcndigung zu ver\u00e4ndern, zu erg\u00e4nzen, zu l\u00f6schen oder die Ver\u00f6ffentlichung zeitweise oder endg\u00fcltig einzustellen.<\/p>\n<h3>2. Verweise und Links<\/h3>\n<p>Bei direkten oder indirekten Verweisen auf fremde Internetseiten (\u201eLinks\u201c), die au\u00dferhalb des Verantwortungsbereichs von Kamera Zwei liegen, haften wir nur, wenn wir Kenntnis von den Inhalten hatten und es uns technisch m\u00f6glich und zumutbar ist, die Nutzung im Fall rechtswidriger Inhalte zu verhindern. Kamera Zwei erkl\u00e4rt, dass zum Zeitpunkt der Linksetzung keine illegalen Inhalte auf den gelinkten \/ verkn\u00fcpften Seiten erkennbar waren.<br \/>\nAuf die aktuelle und zuk\u00fcnftige Gestaltung, die Inhalte oder die Urheberschaft der gelinkten \/ verkn\u00fcpften Seiten hat Kamera Zwei keinen Einfluss. Wir distanzieren uns deshalb ausdr\u00fccklich von den Inhalten aller gelinkten \/ verkn\u00fcpften Seiten, die nach der Linksetzung ver\u00e4ndert wurden und macht sich deren Inhalte nicht zu eigen.<\/p>\n<h3>3. Urheber- und Kennzeichenrecht<\/h3>\n<p>Kamera Zwei ist bestrebt, in allen Publikationen die Urheberrechte der verwendeten Grafiken, Tondokumente, Videosequenzen und Texte zu beachten, von uns selbst erstellte Grafiken, Tondokumente, Videosequenzen und Texte zu nutzen oder auf lizenzfreie Grafiken, Tondokumente, Videosequenzen und Texte zur\u00fcckzugreifen.<br \/>\nAlle innerhalb des Internetangebots genannten und ggf. durch Dritte gesch\u00fctzten Marken- und Warenzeichen unterliegen uneingeschr\u00e4nkt den Bestimmungen des jeweils g\u00fcltigen Kennzeichenrechts und den Besitzrechten der eingetragenen Eigent\u00fcmer. Allein aufgrund der blo\u00dfen Nennung ist nicht der Schluss zu ziehen, dass Markenzeichen nicht durch Rechte Dritter gesch\u00fctzt sind.<br \/>\nDas Copyright f\u00fcr ver\u00f6ffentlichte, von Kamera Zwei selbst erstellte Objekte, bleibt bei Kamera Zwei. Eine Vervielf\u00e4ltigung oder Verwendung solcher Grafiken, Tondokumente, Videosequenzen und Texte in anderen elektronischen oder gedruckten Publikationen ist ohne vorherige schriftliche Zustimmung von Kamera Zwei nicht gestattet.<\/p>\n<h3>4. Wesentlicher Bestandteil, Wirksamkeit des Haftungsausschlusses<\/h3>\n<p>Die vorstehenden Nutzungsbedingungen sowie der darin enthaltene Haftungsausschluss sind wesentlicher Bestandteil des Internetauftritts. Sie besitzen auch in den F\u00e4llen uneingeschr\u00e4nkte G\u00fcltigkeit, in denen von dritter Seite auf diesen Internetauftritt verwiesen wird. Sollten Teile der Nutzungsbedingungen bzw. des Haftungsausschlusses der geltenden Rechtslage nicht, nicht mehr oder nicht vollst\u00e4ndig entsprechen, bleiben die \u00fcbrigen Teile der Nutzungsbedingungen \/ des Haftungsausschlusses unber\u00fchrt.<\/p>\n<\/div>\n<div id=\"facebook_like\"><iframe src=\"http:\/\/www.facebook.com\/plugins\/like.php?href=https%3A%2F%2Fwww.hannoverlights.de%2F%3Fpage_id%3D686&amp;layout=standard&amp;show_faces=true&amp;width=500&amp;action=like&amp;font=segoe+ui&amp;colorscheme=light&amp;height=80\" scrolling=\"no\" frameborder=\"0\" style=\"border:none; overflow:hidden; width:500px; height:80px;\" allowTransparency=\"true\"><\/iframe><\/div>","protected":false},"excerpt":{"rendered":"<p>Kamera Zwei GmbH Wohlenbergstr. 4 30179 Hannover Telefon: 0511\/ 899 558 \u2013 0 Mail: redaktion@kamerazwei.de Internet: www.kamerazwei.de Vertretungsberechtigte Gesellschafter: Masiar Haschemizadeh Steuernummer: 25\/235\/33809 Gerichtsstand: Hannover 1. Inhalt des Onlineangebotes Die Angaben auf dieser Website erfolgen ausschlie\u00dflich zu allgemeinen Informationszwecken und stellen weder eine Beratung noch ein konkretes Vertragsangebot von Kamera Zwei dar. Wir \u00fcbernehmen keine [&hellip;]<\/p>\n","protected":false},"author":4,"featured_media":0,"parent":0,"menu_order":5,"comment_status":"closed","ping_status":"closed","template":"","meta":{"footnotes":""},"class_list":["post-686","page","type-page","status-publish","hentry"],"_links":{"self":[{"href":"https:\/\/www.hannoverlights.de\/index.php?rest_route=\/wp\/v2\/pages\/686","targetHints":{"allow":["GET"]}}],"collection":[{"href":"https:\/\/www.hannoverlights.de\/index.php?rest_route=\/wp\/v2\/pages"}],"about":[{"href":"https:\/\/www.hannoverlights.de\/index.php?rest_route=\/wp\/v2\/types\/page"}],"author":[{"embeddable":true,"href":"https:\/\/www.hannoverlights.de\/index.php?rest_route=\/wp\/v2\/users\/4"}],"replies":[{"embeddable":true,"href":"https:\/\/www.hannoverlights.de\/index.php?rest_route=%2Fwp%2Fv2%2Fcomments&post=686"}],"version-history":[{"count":1,"href":"https:\/\/www.hannoverlights.de\/index.php?rest_route=\/wp\/v2\/pages\/686\/revisions"}],"predecessor-version":[{"id":687,"href":"https:\/\/www.hannoverlights.de\/index.php?rest_route=\/wp\/v2\/pages\/686\/revisions\/687"}],"wp:attachment":[{"href":"https:\/\/www.hannoverlights.de\/index.php?rest_route=%2Fwp%2Fv2%2Fmedia&parent=686"}],"curies":[{"name":"wp","href":"https:\/\/api.w.org\/{rel}","templated":true}]}}