{"id":153,"date":"2009-11-19T16:12:14","date_gmt":"2009-11-19T14:12:14","guid":{"rendered":"http:\/\/www.hannoverlights.de\/?page_id=153"},"modified":"2018-09-18T14:58:36","modified_gmt":"2018-09-18T12:58:36","slug":"hannoverlights","status":"publish","type":"page","link":"https:\/\/www.hannoverlights.de\/?page_id=153","title":{"rendered":"HANNOVERlights.de"},"content":{"rendered":"<p><strong>HANNOVERlights.de<\/strong><br \/>\nDas\u00a0erste TV-Internetportal f\u00fcr Hannover und die Region Hannover. Das Herzst\u00fcck von <strong>HANNOVERlights.de<\/strong>\u00a0 sind Filme, die Hannover und die Region erlebbar machen. Das Filmangebot ist vielf\u00e4ltig und thematisch gegliedert in einzelne Formate. Die Rubriken: Stadtbekannt, Sehenswert, Aktuell, Gastro, Freizeit und Business.<\/p>\n<p><strong>Hannoveraner stellen Hannover vor<br \/>\n<\/strong>Menschen, die f\u00fcr ihre Stadt und Region schw\u00e4rmen, Hannover lieben und sch\u00e4tzen, zeigen die Highlights und f\u00fchren hinter die Kulissen. Fremdenf\u00fchrerin Tabea Schiffmann f\u00fchrt durchs prachtvolle Rathaus, zeigt R\u00e4ume, die normalerweise niemand sieht. Wir sind hautnah dabei, wenn Eishockey-Coach Joe West seine Indians hei\u00df aufs Eis macht. Wir sind Zuhause bei Hinnerk Baumgarten, dem bekannten TV-Moderator. Oder Ferry Ghods verr\u00e4t, wie er es geschafft hat, den Kultclub Palo Palo weltweit bekannt zu machen.<\/p>\n<p><strong>Heimatsch\u00e4tze und Touristen-Tipps<br \/>\n<\/strong>Auf <strong>HANNOVERlights.de<\/strong> pr\u00e4sentiert sich die Region in bewegten Bildern. <strong>HANNOVERlights.de<\/strong>\u00a0 ist eine digitale Videothek mit Filmen, Interviews und Portraits \u2013 jederzeit abrufbar, jederzeit anzusehen. Kostenlos. Hannoveraner entdecken die \u201eSch\u00e4tze\u201c ihrer Heimat, erfahren Neues, erhalten Tipps. Urlauber und Messeg\u00e4ste informieren sich im Vorfeld ihres Besuches \u00fcber die Region. Welche \u00dcbernachtungsm\u00f6glichkeiten gibt es? Wie sieht das Restaurant aus, in dem abends ein Tisch bestellt ist? Wohin gehe ich, wenn ich Tanzen m\u00f6chte? <strong>HANNOVERlights.de<\/strong>\u00a0 ist Infotainment im Film.<\/p>\n<p><strong>Die Macher<br \/>\n<\/strong><strong>HANNOVERlights.de<\/strong> ist eine Produktion von <a title=\"... Kamera Zwei Film- und Fernsehproduktion\" href=\"http:\/\/www.kamerazwei.de\" target=\"_blank\" rel=\"noopener\">\u2026Kamera Zwei GmbH<\/a>. Die unabh\u00e4ngige Produktionsfirma arbeitet mit erfahrenen Fernsehjournalisten. Autoren, Regisseure und Producer sind in Hannover und der Region zu Hause. Die Macher m\u00f6gen ihre Heimat, genau wie die Hauptdarsteller des Portals: Hannoveraner stellen die Region Hannover vor.<\/p>\n<div id=\"facebook_like\"><iframe src=\"http:\/\/www.facebook.com\/plugins\/like.php?href=https%3A%2F%2Fwww.hannoverlights.de%2F%3Fpage_id%3D153&amp;layout=standard&amp;show_faces=true&amp;width=500&amp;action=like&amp;font=segoe+ui&amp;colorscheme=light&amp;height=80\" scrolling=\"no\" frameborder=\"0\" style=\"border:none; overflow:hidden; width:500px; height:80px;\" allowTransparency=\"true\"><\/iframe><\/div>","protected":false},"excerpt":{"rendered":"<p>HANNOVERlights.de Das\u00a0erste TV-Internetportal f\u00fcr Hannover und die Region Hannover. Das Herzst\u00fcck von HANNOVERlights.de\u00a0 sind Filme, die Hannover und die Region erlebbar machen. Das Filmangebot ist vielf\u00e4ltig und thematisch gegliedert in einzelne Formate. Die Rubriken: Stadtbekannt, Sehenswert, Aktuell, Gastro, Freizeit und Business. Hannoveraner stellen Hannover vor Menschen, die f\u00fcr ihre Stadt und Region schw\u00e4rmen, Hannover lieben [&hellip;]<\/p>\n","protected":false},"author":4,"featured_media":0,"parent":0,"menu_order":1,"comment_status":"closed","ping_status":"closed","template":"","meta":{"footnotes":""},"class_list":["post-153","page","type-page","status-publish","hentry"],"_links":{"self":[{"href":"https:\/\/www.hannoverlights.de\/index.php?rest_route=\/wp\/v2\/pages\/153","targetHints":{"allow":["GET"]}}],"collection":[{"href":"https:\/\/www.hannoverlights.de\/index.php?rest_route=\/wp\/v2\/pages"}],"about":[{"href":"https:\/\/www.hannoverlights.de\/index.php?rest_route=\/wp\/v2\/types\/page"}],"author":[{"embeddable":true,"href":"https:\/\/www.hannoverlights.de\/index.php?rest_route=\/wp\/v2\/users\/4"}],"replies":[{"embeddable":true,"href":"https:\/\/www.hannoverlights.de\/index.php?rest_route=%2Fwp%2Fv2%2Fcomments&post=153"}],"version-history":[{"count":10,"href":"https:\/\/www.hannoverlights.de\/index.php?rest_route=\/wp\/v2\/pages\/153\/revisions"}],"predecessor-version":[{"id":684,"href":"https:\/\/www.hannoverlights.de\/index.php?rest_route=\/wp\/v2\/pages\/153\/revisions\/684"}],"wp:attachment":[{"href":"https:\/\/www.hannoverlights.de\/index.php?rest_route=%2Fwp%2Fv2%2Fmedia&parent=153"}],"curies":[{"name":"wp","href":"https:\/\/api.w.org\/{rel}","templated":true}]}}